{"id":12062,"date":"2022-12-19T19:15:57","date_gmt":"2022-12-19T18:15:57","guid":{"rendered":"http:\/\/waterloostation.nl\/?page_id=12062"},"modified":"2022-12-22T10:05:44","modified_gmt":"2022-12-22T09:05:44","slug":"booze","status":"publish","type":"page","link":"https:\/\/waterloostation.nl\/?page_id=12062","title":{"rendered":"Booze"},"content":{"rendered":"<p><strong>BOOZE THE STORY<br \/>\n<\/strong><\/p>\n<p>Gitaar: Leo Ligtenberg \/ Henry v Werven<\/p>\n<p>Basgitaar: Ernst Morgenland<\/p>\n<p>Drums: Wim Dal<\/p>\n<p>Zang: Willem Dragt<\/p>\n<p>Begin 1974 ontstond de Apeldoornse Blues-\/(Hard)rockgroep Booze opgericht. De oprichters waren de twee gitaarvrienden Leo Ligtenberg en (wijlen) Henry van Werven. Beiden kenden elkaar voornamelijk uit de bestaande muziekscene en de bezoeken aan concerten in Waterloostation. Al snel sloot Ernst Morgenland aan voor de baspartijen. Na een tijdje ook de jongste telg Wim Dal.<\/p>\n<p>In Apeldoorn-Zuid, in de Kayersheerdt, werd elke zaterdagmiddag stevig geoefend op een ruime setlist.\u00a0 Een setlist verdeeld met eigen nummers en covers van onder andere UFO, Wishbone Ash, Status Quo, Thin Lizzy, etc.. Enkele sollicitaties volgden voor een zanger waarna Willem Dragt de band compleet maakte. Zijn vrouw Jeane nam het management over en al snel daarna speelde Booze door heel het land. Vooral Noord-Holland was een redelijk vaste locatie met gemiddeld wel zo\u2019n 3 a 4 optredens per maand. De shows waren ongeveer 3 tot 3,5 uur en werden veelal compleet met rook- en vuurwerk verzorgd.<\/p>\n<h3><strong>Voorprogramma band Partner.<\/strong><\/h3>\n<p>Eind september \u201979 was er een druk weekend voor Booze, in de NO-Polder en Drenthe. Vrijdags optreden in een jeugdsoos in Creil. Dat werd een enorm gezellige (late) avond. Gelukkig was er vooraf al besloten om aldaar te overnachten om de volgende dag door te reizen naar Ruinerwold. Geen hotel, geen hooiberg, maar puptentjes. Super gezellig.<\/p>\n<p>De volgende dag geen hoofdpijntjes alleen van de drank, zeker ook van de schuin omlaag liggende opblaasbedden in de tenten.<\/p>\n<p>Op naar Ruinerwold met een optreden tijdens de jaarlijkse paardenmarkt in een grote feesttent. Als de drummer dan even naar de wc moet had die dat beter backstage kunnen doen in plaats van bij de ingang. Lange rijen voor de kassa. Als de drummer er langs wil omdat de band Booze al wordt voorgesteld aan het reeds aanwezige publiek, staat die daar en komt er niet langs. \u201c<em>Ja, iedereen kan wel zeggen dat die van de band is<\/em>\u201d.<\/p>\n<p><a href=\"https:\/\/waterloostation.nl\/wp-content\/Afbeelding1-7.jpg\" target=\"_blank\" rel=\"noopener\"><img loading=\"lazy\" decoding=\"async\" class=\"alignnone wp-image-12076 \" src=\"https:\/\/waterloostation.nl\/wp-content\/Afbeelding1-7-300x214.jpg\" alt=\"\" width=\"320\" height=\"228\" srcset=\"https:\/\/waterloostation.nl\/wp-content\/Afbeelding1-7-300x214.jpg 300w, https:\/\/waterloostation.nl\/wp-content\/Afbeelding1-7-150x107.jpg 150w, https:\/\/waterloostation.nl\/wp-content\/Afbeelding1-7-768x549.jpg 768w, https:\/\/waterloostation.nl\/wp-content\/Afbeelding1-7.jpg 854w\" sizes=\"auto, (max-width: 320px) 100vw, 320px\" \/><\/a><\/p>\n<h3><strong>Optreden in Apeldoorn.<\/strong><\/h3>\n<p>Gek genoeg trad Booze niet zo veel op in Apeldoorn zelf. Uitzondering hierop waren optredens in Ons Honk (Zuid) en in De Stolp (de Maten). Vooral dat laatste ging aan niemand ongemerkt voorbij. Booze had onder andere een motorclub als aanhang, The Rats. Na het optreden vlogen de stoelen en tafels door de zaal en werden urinoirs van de muur getrokken. De aanleiding hiervoor is niet meer bekend, maar sindsdien is Booze in die zaal niet meer teruggekeerd. Mogelijk was het ook de overlast van de rook- en lichtshow die Booze altijd meenam. Vooral de rook zorgde nogal eens voor overlast. In die tijden was de apparatuur nog niet zo modern en werden er kleine rookbommetjes gemaakt van magnesiumpoeder. \u00a0(foto: podium in De Stolp)<\/p>\n<p><a href=\"https:\/\/waterloostation.nl\/wp-content\/Afbeelding1-8.jpg\" target=\"_blank\" rel=\"noopener\"><img loading=\"lazy\" decoding=\"async\" class=\"alignnone wp-image-12078 \" src=\"https:\/\/waterloostation.nl\/wp-content\/Afbeelding1-8-300x201.jpg\" alt=\"\" width=\"298\" height=\"200\" srcset=\"https:\/\/waterloostation.nl\/wp-content\/Afbeelding1-8-300x201.jpg 300w, https:\/\/waterloostation.nl\/wp-content\/Afbeelding1-8-150x101.jpg 150w, https:\/\/waterloostation.nl\/wp-content\/Afbeelding1-8.jpg 750w\" sizes=\"auto, (max-width: 298px) 100vw, 298px\" \/><\/a> <a href=\"https:\/\/waterloostation.nl\/wp-content\/Afbeelding2-4.jpg\" target=\"_blank\" rel=\"noopener\"><img loading=\"lazy\" decoding=\"async\" class=\"alignnone wp-image-12079 \" src=\"https:\/\/waterloostation.nl\/wp-content\/Afbeelding2-4-300x212.jpg\" alt=\"\" width=\"281\" height=\"198\" srcset=\"https:\/\/waterloostation.nl\/wp-content\/Afbeelding2-4-300x212.jpg 300w, https:\/\/waterloostation.nl\/wp-content\/Afbeelding2-4-150x106.jpg 150w, https:\/\/waterloostation.nl\/wp-content\/Afbeelding2-4.jpg 570w\" sizes=\"auto, (max-width: 281px) 100vw, 281px\" \/><\/a><\/p>\n<p>Om nog meer promotie te maken, nam Booze een paar demo\u2019s op in de studio van Jo Jansen in Terwolde. Twee weekenden werd er hard gewerkt aan het materiaal. Geluidsfragmenten zijn helaas zoek geraakt, maar een enkele foto is er nog wel.<\/p>\n<p><a href=\"https:\/\/waterloostation.nl\/wp-content\/Afbeelding4-3.jpg\" target=\"_blank\" rel=\"noopener\"><img loading=\"lazy\" decoding=\"async\" class=\"alignnone wp-image-12081 \" src=\"https:\/\/waterloostation.nl\/wp-content\/Afbeelding4-3-300x237.jpg\" alt=\"\" width=\"265\" height=\"209\" srcset=\"https:\/\/waterloostation.nl\/wp-content\/Afbeelding4-3-300x237.jpg 300w, https:\/\/waterloostation.nl\/wp-content\/Afbeelding4-3-150x119.jpg 150w, https:\/\/waterloostation.nl\/wp-content\/Afbeelding4-3.jpg 570w\" sizes=\"auto, (max-width: 265px) 100vw, 265px\" \/><\/a> <a href=\"https:\/\/waterloostation.nl\/wp-content\/Afbeelding5-1.jpg\" target=\"_blank\" rel=\"noopener\"><img loading=\"lazy\" decoding=\"async\" class=\"alignnone wp-image-12082 \" src=\"https:\/\/waterloostation.nl\/wp-content\/Afbeelding5-1-300x201.jpg\" alt=\"\" width=\"313\" height=\"210\" srcset=\"https:\/\/waterloostation.nl\/wp-content\/Afbeelding5-1-300x201.jpg 300w, https:\/\/waterloostation.nl\/wp-content\/Afbeelding5-1-150x100.jpg 150w, https:\/\/waterloostation.nl\/wp-content\/Afbeelding5-1.jpg 600w\" sizes=\"auto, (max-width: 313px) 100vw, 313px\" \/><\/a><br \/>\n<a href=\"https:\/\/waterloostation.nl\/wp-content\/Afbeelding2-4.jpg\" target=\"_blank\" rel=\"noopener\"><img loading=\"lazy\" decoding=\"async\" class=\"alignnone wp-image-12079 \" src=\"https:\/\/waterloostation.nl\/wp-content\/Afbeelding2-4-300x212.jpg\" alt=\"\" width=\"265\" height=\"187\" srcset=\"https:\/\/waterloostation.nl\/wp-content\/Afbeelding2-4-300x212.jpg 300w, https:\/\/waterloostation.nl\/wp-content\/Afbeelding2-4-150x106.jpg 150w, https:\/\/waterloostation.nl\/wp-content\/Afbeelding2-4.jpg 570w\" sizes=\"auto, (max-width: 265px) 100vw, 265px\" \/><\/a><\/p>\n<h3><strong>Re\u00fcnieconcert<\/strong><\/h3>\n<p>Het vertrek van Henry v Werven naar Engeland heeft niet geleid tot het zoeken naar een andere gitarist. Booze besloot in de vroege jaren tachtig alweer te stoppen. De contacten bleven en de verhalen over vroeger gaven aanleiding om een re\u00fcnieconcert te organiseren. De voorbereidingen en oefenmiddagen waren als vanouds super gezellig. Als zaal werd het Ugchelens belang gekozen. Er werd ruime aandacht aan besteed, ook via de krant. En al gauw was de zaal vol. De oud zanger, Willem Dragt was er overigens niet bij. Wel kwamen toenmalige roadies (o.a. Marcel v Nimwegen) die avond nog even langs om oude herinneringen op te halen.<\/p>\n<p>Booze zocht voor dat concert een voorprogramma. De ega\u2019s van drie van de bandleden verzorgden dit en gingen uiteindelijk zelf het podium op. Ook dat was een groot succes. Toen nog als Ladies Firts (de naam was niet toevallig zo gekozen). Inmiddels bestaat dit trio overigens nog steeds. Echter, als LadieZfirst en n\u00e1 twee \u201cpersonele\u201d wisselingen.<\/p>\n<p><a href=\"https:\/\/www.youtube.com\/watch?v=m7LAyYSgeC8\" target=\"_blank\" rel=\"noopener\">Beperkte opname concert Ugchelens Belang:<\/a><\/p>\n<p><a href=\"https:\/\/www.facebook.com\/LDZFsound\/\" target=\"_blank\" rel=\"noopener\">FB-site LadieZfirst<\/a><\/p>\n<p><a href=\"https:\/\/waterloostation.nl\/wp-content\/Afbeelding1-9.jpg\" target=\"_blank\" rel=\"noopener\"><img loading=\"lazy\" decoding=\"async\" class=\"alignnone wp-image-12092 size-medium\" src=\"https:\/\/waterloostation.nl\/wp-content\/Afbeelding1-9-300x207.jpg\" alt=\"\" width=\"300\" height=\"207\" srcset=\"https:\/\/waterloostation.nl\/wp-content\/Afbeelding1-9-300x207.jpg 300w, https:\/\/waterloostation.nl\/wp-content\/Afbeelding1-9-1024x706.jpg 1024w, https:\/\/waterloostation.nl\/wp-content\/Afbeelding1-9-150x103.jpg 150w, https:\/\/waterloostation.nl\/wp-content\/Afbeelding1-9-768x529.jpg 768w, https:\/\/waterloostation.nl\/wp-content\/Afbeelding1-9.jpg 1110w\" sizes=\"auto, (max-width: 300px) 100vw, 300px\" \/><\/a> <a href=\"https:\/\/waterloostation.nl\/wp-content\/Afbeelding2-5.jpg\" target=\"_blank\" rel=\"noopener\"><img loading=\"lazy\" decoding=\"async\" class=\"alignnone wp-image-12093 \" src=\"https:\/\/waterloostation.nl\/wp-content\/Afbeelding2-5-112x150.jpg\" alt=\"\" width=\"154\" height=\"206\" srcset=\"https:\/\/waterloostation.nl\/wp-content\/Afbeelding2-5-112x150.jpg 112w, https:\/\/waterloostation.nl\/wp-content\/Afbeelding2-5.jpg 142w\" sizes=\"auto, (max-width: 154px) 100vw, 154px\" \/><\/a><br \/>\n<a href=\"https:\/\/waterloostation.nl\/wp-content\/Afbeelding3-4.jpg\" target=\"_blank\" rel=\"noopener\"><img loading=\"lazy\" decoding=\"async\" class=\"alignnone wp-image-12094 size-medium\" src=\"https:\/\/waterloostation.nl\/wp-content\/Afbeelding3-4-300x212.jpg\" alt=\"\" width=\"300\" height=\"212\" srcset=\"https:\/\/waterloostation.nl\/wp-content\/Afbeelding3-4-300x212.jpg 300w, https:\/\/waterloostation.nl\/wp-content\/Afbeelding3-4-150x106.jpg 150w, https:\/\/waterloostation.nl\/wp-content\/Afbeelding3-4-768x543.jpg 768w, https:\/\/waterloostation.nl\/wp-content\/Afbeelding3-4.jpg 875w\" sizes=\"auto, (max-width: 300px) 100vw, 300px\" \/><\/a><\/p>\n<h3><strong><em>Het allerlaatste optreden van Booze en het afscheid van Henry<\/em><\/strong><\/h3>\n<p>In 2012 werd Henry v Werven ongeneselijk ziek. Hij had nog \u00e9\u00e9n grote wens. En dat was nog \u00e9\u00e9n keer optreden met Booze. Dat hoefde hij maar \u00e9\u00e9n keer te zeggen. Het Bluescaf\u00e9 in Apeldoorn werd geregeld en de voorbereidingen werden (noodgedwongen snel) getroffen. Dit moest wel snel want Henry werd elke dag slechter.<\/p>\n<p>Op 28 oktober 2012 was het zo ver. Het Bluescaf\u00e9 puilde uit. Sterker nog, de hele Nieuwstraat stond vol met mensen om een glimp op te vangen van Booze en in het bijzonder van Henry natuurlijk. Zelfs de lokale en landelijke pers was aanwezig om dit \u201cevenement\u201d te verslaan.<\/p>\n<p>Henry werd met de ambulance gebracht, werd met de rolstoel naar het podium gereden en speelde volledig zijn energie op. Hij sloot af met een prachtig slotwoord. Enkele dagen later overleed hij.<\/p>\n<p>Nico Dijkshoorn, die aan de overkant in de Gigant een optreden had, kreeg ook lucht van wat er allemaal gaande was in het Bluescaf\u00e9 Hij maakte nog een prachtig gedicht voor Henry.<\/p>\n<p><a href=\"https:\/\/www.youtube.com\/watch?v=MOikeI3f7P0&amp;list=PLSUHnu8Kt8GWyCTg5z6cvY-WN30wcwqnY\" target=\"_blank\" rel=\"noopener\">Afscheidsgedicht Nico Dijkshoorn &#8220;Blueslegende&#8221; in Het Bluescafe Apeldoorn: Henri van Werven R.I.P.<\/a><\/p>\n<p><a href=\"https:\/\/www.apeldoorndirect.nl\/stad\/henris-laatste-concert-20121029\/\" target=\"_blank\" rel=\"noopener\">Artikel Apeldoorn Direct (P Vroon)<\/a><\/p>\n<p><a href=\"https:\/\/waterloostation.nl\/wp-content\/Afbeelding1-10.jpg\" target=\"_blank\" rel=\"noopener\"><img loading=\"lazy\" decoding=\"async\" class=\"alignnone wp-image-12096 size-full\" src=\"https:\/\/waterloostation.nl\/wp-content\/Afbeelding1-10.jpg\" alt=\"\" width=\"192\" height=\"216\" srcset=\"https:\/\/waterloostation.nl\/wp-content\/Afbeelding1-10.jpg 192w, https:\/\/waterloostation.nl\/wp-content\/Afbeelding1-10-133x150.jpg 133w\" sizes=\"auto, (max-width: 192px) 100vw, 192px\" \/><\/a> <a href=\"https:\/\/waterloostation.nl\/wp-content\/Afbeelding2-6.jpg\" target=\"_blank\" rel=\"noopener\"><img loading=\"lazy\" decoding=\"async\" class=\"alignnone wp-image-12097 size-medium\" src=\"https:\/\/waterloostation.nl\/wp-content\/Afbeelding2-6-300x186.jpg\" alt=\"\" width=\"300\" height=\"186\" srcset=\"https:\/\/waterloostation.nl\/wp-content\/Afbeelding2-6-300x186.jpg 300w, https:\/\/waterloostation.nl\/wp-content\/Afbeelding2-6-150x93.jpg 150w, https:\/\/waterloostation.nl\/wp-content\/Afbeelding2-6-768x477.jpg 768w, https:\/\/waterloostation.nl\/wp-content\/Afbeelding2-6.jpg 906w\" sizes=\"auto, (max-width: 300px) 100vw, 300px\" \/><\/a><br \/>\n<a href=\"https:\/\/waterloostation.nl\/wp-content\/Afbeelding3-5.jpg\" target=\"_blank\" rel=\"noopener\"><img loading=\"lazy\" decoding=\"async\" class=\"alignnone wp-image-12098 size-thumbnail\" src=\"https:\/\/waterloostation.nl\/wp-content\/Afbeelding3-5-150x150.jpg\" alt=\"\" width=\"150\" height=\"150\" srcset=\"https:\/\/waterloostation.nl\/wp-content\/Afbeelding3-5-150x150.jpg 150w, https:\/\/waterloostation.nl\/wp-content\/Afbeelding3-5.jpg 171w\" sizes=\"auto, (max-width: 150px) 100vw, 150px\" \/><\/a><\/p>\n<p>__________________________________________________________________________________________________________________<\/p>\n<p><a href=\"https:\/\/waterloostation.nl\/wp-content\/Popgroep-Booze-in-de-Stolp.jpg\"><img loading=\"lazy\" decoding=\"async\" class=\"alignnone size-medium wp-image-12071\" src=\"https:\/\/waterloostation.nl\/wp-content\/Popgroep-Booze-in-de-Stolp-249x300.jpg\" alt=\"\" width=\"249\" height=\"300\" srcset=\"https:\/\/waterloostation.nl\/wp-content\/Popgroep-Booze-in-de-Stolp-249x300.jpg 249w, https:\/\/waterloostation.nl\/wp-content\/Popgroep-Booze-in-de-Stolp-124x150.jpg 124w, https:\/\/waterloostation.nl\/wp-content\/Popgroep-Booze-in-de-Stolp.jpg 541w\" sizes=\"auto, (max-width: 249px) 100vw, 249px\" \/><\/a> \u00a0 \u00a0 \u00a0 \u00a0 \u00a0 <a href=\"https:\/\/waterloostation.nl\/wp-content\/Popfestival-Koffiebar-Taveerne.jpg\"><img loading=\"lazy\" decoding=\"async\" class=\"alignnone size-medium wp-image-12070\" src=\"https:\/\/waterloostation.nl\/wp-content\/Popfestival-Koffiebar-Taveerne-300x172.jpg\" alt=\"\" width=\"300\" height=\"172\" srcset=\"https:\/\/waterloostation.nl\/wp-content\/Popfestival-Koffiebar-Taveerne-300x172.jpg 300w, https:\/\/waterloostation.nl\/wp-content\/Popfestival-Koffiebar-Taveerne-150x86.jpg 150w, https:\/\/waterloostation.nl\/wp-content\/Popfestival-Koffiebar-Taveerne-768x441.jpg 768w, https:\/\/waterloostation.nl\/wp-content\/Popfestival-Koffiebar-Taveerne.jpg 780w\" sizes=\"auto, (max-width: 300px) 100vw, 300px\" \/><\/a><\/p>\n<p><a href=\"https:\/\/waterloostation.nl\/wp-content\/Booze-partner.jpg\"><img loading=\"lazy\" decoding=\"async\" class=\"alignnone wp-image-12069\" src=\"https:\/\/waterloostation.nl\/wp-content\/Booze-partner-300x227.jpg\" alt=\"\" width=\"251\" height=\"190\" srcset=\"https:\/\/waterloostation.nl\/wp-content\/Booze-partner-300x227.jpg 300w, https:\/\/waterloostation.nl\/wp-content\/Booze-partner-150x114.jpg 150w, https:\/\/waterloostation.nl\/wp-content\/Booze-partner.jpg 556w\" sizes=\"auto, (max-width: 251px) 100vw, 251px\" \/> \u00a0\u00a0\u00a0\u00a0\u00a0\u00a0\u00a0\u00a0\u00a0\u00a0\u00a0 <\/a><a href=\"https:\/\/waterloostation.nl\/wp-content\/Booze-on-stage.jpg\"><img loading=\"lazy\" decoding=\"async\" class=\"alignnone wp-image-12068\" src=\"https:\/\/waterloostation.nl\/wp-content\/Booze-on-stage-300x211.jpg\" alt=\"\" width=\"270\" height=\"190\" srcset=\"https:\/\/waterloostation.nl\/wp-content\/Booze-on-stage-300x211.jpg 300w, https:\/\/waterloostation.nl\/wp-content\/Booze-on-stage-150x106.jpg 150w, https:\/\/waterloostation.nl\/wp-content\/Booze-on-stage.jpg 649w\" sizes=\"auto, (max-width: 270px) 100vw, 270px\" \/><\/a><\/p>\n<p><a href=\"https:\/\/waterloostation.nl\/wp-content\/Booze-krantenplaatje.jpg\"><img loading=\"lazy\" decoding=\"async\" class=\"alignnone wp-image-12067\" src=\"https:\/\/waterloostation.nl\/wp-content\/Booze-krantenplaatje-184x300.jpg\" alt=\"\" width=\"171\" height=\"279\" srcset=\"https:\/\/waterloostation.nl\/wp-content\/Booze-krantenplaatje-184x300.jpg 184w, https:\/\/waterloostation.nl\/wp-content\/Booze-krantenplaatje-92x150.jpg 92w, https:\/\/waterloostation.nl\/wp-content\/Booze-krantenplaatje.jpg 608w\" sizes=\"auto, (max-width: 171px) 100vw, 171px\" \/> \u00a0\u00a0\u00a0\u00a0\u00a0\u00a0\u00a0\u00a0\u00a0\u00a0 <\/a><a href=\"https:\/\/waterloostation.nl\/wp-content\/Booze-in-de-krant.jpg\"><img loading=\"lazy\" decoding=\"async\" class=\"alignnone wp-image-12066\" src=\"https:\/\/waterloostation.nl\/wp-content\/Booze-in-de-krant-300x230.jpg\" alt=\"\" width=\"277\" height=\"212\" srcset=\"https:\/\/waterloostation.nl\/wp-content\/Booze-in-de-krant-300x230.jpg 300w, https:\/\/waterloostation.nl\/wp-content\/Booze-in-de-krant-150x115.jpg 150w, https:\/\/waterloostation.nl\/wp-content\/Booze-in-de-krant.jpg 541w\" sizes=\"auto, (max-width: 277px) 100vw, 277px\" \/><\/a><\/p>\n<p><a href=\"https:\/\/waterloostation.nl\/wp-content\/Booze-gitaar.jpg\"><img loading=\"lazy\" decoding=\"async\" class=\"alignnone size-medium wp-image-12065\" src=\"https:\/\/waterloostation.nl\/wp-content\/Booze-gitaar-290x300.jpg\" alt=\"\" width=\"290\" height=\"300\" srcset=\"https:\/\/waterloostation.nl\/wp-content\/Booze-gitaar-290x300.jpg 290w, https:\/\/waterloostation.nl\/wp-content\/Booze-gitaar-145x150.jpg 145w, https:\/\/waterloostation.nl\/wp-content\/Booze-gitaar.jpg 640w\" sizes=\"auto, (max-width: 290px) 100vw, 290px\" \/><\/a><br \/>\n_______________________________________________________________________________________________<\/p>\n<p>&nbsp;<\/p>\n<p>&nbsp;<\/p>\n<p>&nbsp;<\/p>\n<p>&nbsp;<\/p>\n<p>&nbsp;<\/p>\n<p>&nbsp;<\/p>\n<p>&nbsp;<\/p>\n","protected":false},"excerpt":{"rendered":"<p>BOOZE THE STORY Gitaar: Leo Ligtenberg \/ Henry v Werven Basgitaar: Ernst Morgenland Drums: Wim Dal Zang: Willem Dragt Begin 1974 ontstond de Apeldoornse Blues-\/(Hard)rockgroep Booze opgericht. De oprichters waren de twee gitaarvrienden Leo Ligtenberg en (wijlen) Henry van Werven. Beiden kenden elkaar voornamelijk uit de bestaande muziekscene en de bezoeken aan concerten in Waterloostation. [&hellip;]<\/p>\n","protected":false},"author":1,"featured_media":0,"parent":487,"menu_order":6,"comment_status":"closed","ping_status":"closed","template":"","meta":{"footnotes":""},"class_list":["post-12062","page","type-page","status-publish","hentry"],"_links":{"self":[{"href":"https:\/\/waterloostation.nl\/index.php?rest_route=\/wp\/v2\/pages\/12062","targetHints":{"allow":["GET"]}}],"collection":[{"href":"https:\/\/waterloostation.nl\/index.php?rest_route=\/wp\/v2\/pages"}],"about":[{"href":"https:\/\/waterloostation.nl\/index.php?rest_route=\/wp\/v2\/types\/page"}],"author":[{"embeddable":true,"href":"https:\/\/waterloostation.nl\/index.php?rest_route=\/wp\/v2\/users\/1"}],"replies":[{"embeddable":true,"href":"https:\/\/waterloostation.nl\/index.php?rest_route=%2Fwp%2Fv2%2Fcomments&post=12062"}],"version-history":[{"count":20,"href":"https:\/\/waterloostation.nl\/index.php?rest_route=\/wp\/v2\/pages\/12062\/revisions"}],"predecessor-version":[{"id":12101,"href":"https:\/\/waterloostation.nl\/index.php?rest_route=\/wp\/v2\/pages\/12062\/revisions\/12101"}],"up":[{"embeddable":true,"href":"https:\/\/waterloostation.nl\/index.php?rest_route=\/wp\/v2\/pages\/487"}],"wp:attachment":[{"href":"https:\/\/waterloostation.nl\/index.php?rest_route=%2Fwp%2Fv2%2Fmedia&parent=12062"}],"curies":[{"name":"wp","href":"https:\/\/api.w.org\/{rel}","templated":true}]}}